{"id":44,"date":"2020-09-13T16:44:36","date_gmt":"2020-09-13T14:44:36","guid":{"rendered":"http:\/\/lacavec.cluster023.hosting.ovh.net\/?page_id=44"},"modified":"2020-10-01T15:08:29","modified_gmt":"2020-10-01T13:08:29","slug":"portfolio","status":"publish","type":"page","link":"https:\/\/lacave-ebeniste.com\/index.php\/portfolio\/","title":{"rendered":"Portfolio"},"content":{"rendered":"\n<p class=\"has-text-align-center\"><\/p>\n\n\n\n<div class=\"wp-block-group\"><div class=\"wp-block-group__inner-container\">\n<style id=\"bwg-style-0\">    #bwg_container1_0 #bwg_container2_0 .bwg-container-0.bwg-album-thumbnails {    width: 2504px;    justify-content: center;            justify-content: center;        margin:0 auto !important;          background-color: rgba(255, 255, 255, 0.00);          padding-left: 4px;      padding-top: 4px;      max-width: 100%;          }        #bwg_container1_0 #bwg_container2_0 .bwg-container-0.bwg-album-thumbnails .bwg-item {    justify-content: flex-start;    max-width: 500px;        }    #bwg_container1_0 #bwg_container2_0 .bwg-container-0.bwg-album-thumbnails .bwg-item > a {      margin-right: 4px;      margin-bottom: 4px;    }    #bwg_container1_0 #bwg_container2_0 .bwg-container-0.bwg-album-thumbnails .bwg-item0 {      padding: 0px;            background-color:rgba(0,0,0, 0.30);      border: 0px none #CCCCCC;      opacity: 1.00;      border-radius: 0;      box-shadow: 0px 0px 0px #888888;    }    #bwg_container1_0 #bwg_container2_0 .bwg-container-0.bwg-album-thumbnails .bwg-item1 img {      max-height: none;      max-width: none;      padding: 0 !important;    }          @media only screen and (min-width: 480px) {      #bwg_container1_0 #bwg_container2_0 .bwg-container-0.bwg-album-thumbnails .bwg-item1 img {      -webkit-transition: all .3s; transition: all .3s;      }      #bwg_container1_0 #bwg_container2_0 .bwg-container-0.bwg-album-thumbnails .bwg-item1 img:hover {        -ms-transform: scale(1.15);        -webkit-transform: scale(1.15);        transform: scale(1.15);      }              .bwg-album-thumbnails .bwg-zoom-effect .bwg-zoom-effect-overlay {                background-color:rgba(0,0,0, 0.3);        }        .bwg-album-thumbnails .bwg-zoom-effect:hover img {        -ms-transform: scale(1.15);        -webkit-transform: scale(1.15);        transform: scale(1.15);        }            }          #bwg_container1_0 #bwg_container2_0 .bwg-container-0.bwg-album-thumbnails .bwg-item1 {      padding-top: 56%;    }          #bwg_container1_0 #bwg_container2_0 .bwg-container-0.bwg-album-thumbnails .bwg-title1 {        position: absolute;        top: 0;        z-index: 100;        width: 100%;        height: 100%;        display: flex;        justify-content: center;        align-content: center;        flex-direction: column;        opacity: 0;      }          #bwg_container1_0 #bwg_container2_0 .bwg-container-0.bwg-album-thumbnails .bwg-title2 {      color: #FFFFFF;      font-family: Open Sans Condensed:300;      font-size: 18.5px;      font-weight: normal;      padding: 2px;      text-shadow: 0px 0px 0px #888888;      max-height: 100%;    }          #bwg_container1_0 #bwg_container2_0 .bwg_masonry_thumb_0 {        text-align: center;        display: inline-block;        vertical-align: middle;              width: 100%;              border-radius: 0;        border: 0px none #CCCCCC;        margin: 0;        opacity: 1.00;      }            #bwg_container1_0 #bwg_container2_0 .bwg-container-0.bwg-masonry-thumbnails .bwg-item,      #bwg_container1_0 #bwg_container2_0 .bwg-container-temp0.bwg-masonry-thumbnails .bwg-item {        padding-right: 4px;        padding-bottom: 4px;        max-width: 625px;            }      #bwg_container1_0 #bwg_container2_0 .bwg-container-0.bwg-masonry-thumbnails .bwg-item0 {              background-color:rgba(0,0,0, 0.30);        border: 0px none #CCCCCC;        opacity: 1.00;        border-radius: 0;      }      #bwg_container1_0 #bwg_container2_0 .bwg-container-0.bwg-masonry-thumbnails .bwg-item1 img {        max-height: none;\t\t        max-width: 625px;\t\t      }            @media only screen and (min-width: 480px) {        #bwg_container1_0 #bwg_container2_0 .bwg-container-0.bwg-masonry-thumbnails .bwg-item1 img {        -webkit-transition: -webkit-transform .3s; transition: transform .3s;        }        #bwg_container1_0 #bwg_container2_0 .bwg-container-0.bwg-masonry-thumbnails .bwg-item1 img:hover {          -ms-transform: scale(1.2);          -webkit-transform: scale(1.2);          transform: scale(1.2);        }\t\t      }          \t  #bwg_container1_0 #bwg_container2_0 .bwg-container-0.bwg-masonry-thumbnails .bwg-title2,    #bwg_container1_0 #bwg_container2_0 .bwg-container-0.bwg-masonry-thumbnails .bwg-play-icon2,    #bwg_container1_0 #bwg_container2_0 .bwg-container-0.bwg-masonry-thumbnails .bwg-ecommerce2 {      max-height: 100%;      padding: 2px;      font-family: Open Sans Condensed:300;      font-weight: normal;      font-size: 18.5px;      color: #323A45;    }    #bwg_container1_0 #bwg_container2_0 .bwg-container-0.bwg-masonry-thumbnails .bwg-ecommerce2 {      color: #323A45;    }\t  #bwg_container1_0 #bwg_container2_0 .bwg_masonry_thumbnails_0 {        position: relative;        background-color: rgba(0, 0, 0, 0.00);        font-size: 0;\t\t        width: 3129px;        max-width: 100%;\t\t\t\t\tpadding-left: 4px;\t\t\tpadding-top: 4px;\t\t\tmax-width: 100%;\t\t    justify-content: center;            margin-left: auto;        margin-right: auto;      \t}            @media only screen and (max-width: 3165px) {        #bwg_container1_0 #bwg_container2_0 .bwg_masonry_thumbnails_0 {          width: inherit;        }      }            #bwg_container1_0 #bwg_container2_0 .bwg_masonry_thumb_description_0 {        color: #323A45;        line-height: 1.4;        font-size: 16px;        font-family: Open Sans Condensed:300;        text-align: justify;      }      #bwg_container1_0.bwg_thumbnails_masonry .wd_error p {        color: #323A45;      }      #bwg_container1_0 #bwg_container2_0 .bwg_gal_title_0 {        background-color: rgba(0, 0, 0, 0);        color: #323A45;        display: block;        font-family: Open Sans Condensed:300;        font-size: 24px;        font-weight: normal;        padding: 20px 0px 20px 0px;        text-shadow: ;        text-align: center;      }      <\/style>    <div id=\"bwg_container1_0\"         class=\"bwg_container bwg_thumbnail bwg_album_compact_preview\"         data-right-click-protection=\"0\"         data-bwg=\"0\"         data-current-url=\"https:\/\/lacave-ebeniste.com\/index.php\/wp-json\/wp\/v2\/pages\/44\"         data-lightbox-url=\"https:\/\/lacave-ebeniste.com\/wp-admin\/admin-ajax.php?action=GalleryBox&current_view=0&gallery_id=0&tag=0&theme_id=1&shortcode_id=7&sort_by=order&order_by=asc&current_url=https%3A%2F%2Flacave-ebeniste.com%2Findex.php%2Fwp-json%2Fwp%2Fv2%2Fpages%2F44\"         data-gallery-id=\"0\"         data-popup-width=\"800\"         data-popup-height=\"500\"         data-buttons-position=\"bottom\">      <div id=\"bwg_container2_0\">             <div id=\"ajax_loading_0\" class=\"bwg_loading_div_1\">      <div class=\"bwg_loading_div_2\">        <div class=\"bwg_loading_div_3\">          <div id=\"loading_div_0\" class=\"bwg_spider_ajax_loading\">          <\/div>        <\/div>      <\/div>    <\/div>            <form id=\"gal_front_form_0\"              class=\"bwg-hidden\"              method=\"post\"              action=\"#\"              data-current=\"0\"              data-shortcode-id=\"7\"              data-gallery-type=\"album_compact_preview\"              data-gallery-id=\"0\"              data-tag=\"0\"              data-album-id=\"1\"              data-theme-id=\"1\"              data-ajax-url=\"https:\/\/lacave-ebeniste.com\/wp-admin\/admin-ajax.php?action=bwg_frontend_data\">          <div id=\"bwg_container3_0\" class=\"bwg-background bwg-background-0\">            <style>        #bwg_container1_0 #bwg_container2_0 .bwg_gal_title_0 {          display: block;          padding: 0 2px 50px 2px;          background-color: rgba(0, 0, 0, 0);          line-height: 20px;          font-family: Open Sans Condensed:300;          font-size: 20px;          font-weight: lighter;          color: #323A45;          text-shadow: 0px 0px 0px #888888;          text-align: center;        }        #bwg_container1_0 #bwg_container2_0 .bwg_gal_description_0 {          margin: 20px 0;          word-break: break-word;          text-align: justify;          font-size: 12px;          font-weight: unset;        }        <\/style>        <div class=\"bwg_gal_title_0\">D\u00e9couvrez quelques unes de mes r\u00e9alisations<\/div>            <div data-max-count=\"5\"         data-thumbnail-width=\"500\"         data-bwg=\"0\"         id=\"bwg_album_compact_0\"         class=\"bwg-thumbnails bwg-container bwg-container-0 bwg-album-thumbnails bwg_album_thumbnails_0\">              <div class=\"bwg-item\">          <a class=\"bwg-a bwg-album bwg_album_0\"             href='\/index.php\/wp-json\/wp\/v2\/pages\/44?type_0=gallery&#038;album_gallery_id_0=1'                          data-container_id=\"bwg_album_compact_0\"             data-def_type=\"gallery\"             data-album_gallery_id=\"1\"             data-alb_gal_id=\"1\"             data-title=\"Meuble de cuisine en ch\u00eane ancien\"             data-bwg=\"0\">                        <div class=\"bwg-item0 lazy_loader\">              <div class=\"bwg-item1 bwg-zoom-effect\">                <div class=\"bwg-item2\">                  <img class=\"skip-lazy \"                       data-width=\"1900\"                       data-height=\"1268\"                       data-original=\"https:\/\/lacave-ebeniste.com\/wp-content\/uploads\/photo-gallery\/Meuble_de_cuisine_en_chene_ancien\/thumb\/DSC_0051.jpg?bwg=1601404930\"                       src=\"https:\/\/lacave-ebeniste.com\/wp-content\/uploads\/photo-gallery\/Meuble_de_cuisine_en_chene_ancien\/thumb\/DSC_0051.jpg?bwg=1601404930\"                       alt=\"Meuble de cuisine en ch\u00eane ancien\" \/>                <\/div>                <div class=\"bwg-zoom-effect-overlay\">                  <div class=\"bwg-title1\"><div class=\"bwg-title2\">Meuble de cuisine en ch\u00eane ancien<\/div><\/div>                <\/div>              <\/div>            <\/div>                      <\/a>        <\/div>                <div class=\"bwg-item\">          <a class=\"bwg-a bwg-album bwg_album_0\"             href='\/index.php\/wp-json\/wp\/v2\/pages\/44?type_0=gallery&#038;album_gallery_id_0=3'                          data-container_id=\"bwg_album_compact_0\"             data-def_type=\"gallery\"             data-album_gallery_id=\"1\"             data-alb_gal_id=\"3\"             data-title=\"Biblioth\u00e8que fr\u00eane peint et ch\u00eane\"             data-bwg=\"0\">                        <div class=\"bwg-item0 lazy_loader\">              <div class=\"bwg-item1 bwg-zoom-effect\">                <div class=\"bwg-item2\">                  <img class=\"skip-lazy \"                       data-width=\"1900\"                       data-height=\"1268\"                       data-original=\"https:\/\/lacave-ebeniste.com\/wp-content\/uploads\/photo-gallery\/Bibliotheque_frene_peint_chene\/thumb\/DSC_0546.jpg?bwg=1600013133\"                       src=\"https:\/\/lacave-ebeniste.com\/wp-content\/uploads\/photo-gallery\/Bibliotheque_frene_peint_chene\/thumb\/DSC_0546.jpg?bwg=1600013133\"                       alt=\"Biblioth\u00e8que fr\u00eane peint et ch\u00eane\" \/>                <\/div>                <div class=\"bwg-zoom-effect-overlay\">                  <div class=\"bwg-title1\"><div class=\"bwg-title2\">Biblioth\u00e8que fr\u00eane peint et ch\u00eane<\/div><\/div>                <\/div>              <\/div>            <\/div>                      <\/a>        <\/div>                <div class=\"bwg-item\">          <a class=\"bwg-a bwg-album bwg_album_0\"             href='\/index.php\/wp-json\/wp\/v2\/pages\/44?type_0=gallery&#038;album_gallery_id_0=4'                          data-container_id=\"bwg_album_compact_0\"             data-def_type=\"gallery\"             data-album_gallery_id=\"1\"             data-alb_gal_id=\"4\"             data-title=\"Coffret marquet\u00e9\"             data-bwg=\"0\">                        <div class=\"bwg-item0 lazy_loader\">              <div class=\"bwg-item1 bwg-zoom-effect\">                <div class=\"bwg-item2\">                  <img class=\"skip-lazy \"                       data-width=\"1900\"                       data-height=\"1268\"                       data-original=\"https:\/\/lacave-ebeniste.com\/wp-content\/uploads\/photo-gallery\/Coffret_marquete\/thumb\/DSC_0150(1).jpg?bwg=1600013588\"                       src=\"https:\/\/lacave-ebeniste.com\/wp-content\/uploads\/photo-gallery\/Coffret_marquete\/thumb\/DSC_0150(1).jpg?bwg=1600013588\"                       alt=\"Coffret marquet\u00e9\" \/>                <\/div>                <div class=\"bwg-zoom-effect-overlay\">                  <div class=\"bwg-title1\"><div class=\"bwg-title2\">Coffret marquet\u00e9<\/div><\/div>                <\/div>              <\/div>            <\/div>                      <\/a>        <\/div>                <div class=\"bwg-item\">          <a class=\"bwg-a bwg-album bwg_album_0\"             href='\/index.php\/wp-json\/wp\/v2\/pages\/44?type_0=gallery&#038;album_gallery_id_0=7'                          data-container_id=\"bwg_album_compact_0\"             data-def_type=\"gallery\"             data-album_gallery_id=\"1\"             data-alb_gal_id=\"7\"             data-title=\"Biblioth\u00e8que en fr\u00eane\"             data-bwg=\"0\">                        <div class=\"bwg-item0 lazy_loader\">              <div class=\"bwg-item1 bwg-zoom-effect\">                <div class=\"bwg-item2\">                  <img class=\"skip-lazy \"                       data-width=\"1900\"                       data-height=\"1425\"                       data-original=\"https:\/\/lacave-ebeniste.com\/wp-content\/uploads\/photo-gallery\/Bibliotheque_frene_Julien\/thumb\/IMG-20210919-WA0000.jpg?bwg=1708641631\"                       src=\"https:\/\/lacave-ebeniste.com\/wp-content\/uploads\/photo-gallery\/Bibliotheque_frene_Julien\/thumb\/IMG-20210919-WA0000.jpg?bwg=1708641631\"                       alt=\"Biblioth\u00e8que en fr\u00eane\" \/>                <\/div>                <div class=\"bwg-zoom-effect-overlay\">                  <div class=\"bwg-title1\"><div class=\"bwg-title2\">Biblioth\u00e8que en fr\u00eane<\/div><\/div>                <\/div>              <\/div>            <\/div>                      <\/a>        <\/div>                <div class=\"bwg-item\">          <a class=\"bwg-a bwg-album bwg_album_0\"             href='\/index.php\/wp-json\/wp\/v2\/pages\/44?type_0=gallery&#038;album_gallery_id_0=8'                          data-container_id=\"bwg_album_compact_0\"             data-def_type=\"gallery\"             data-album_gallery_id=\"1\"             data-alb_gal_id=\"8\"             data-title=\"Plans de travail en ch\u00eane \u00e0 bords bruts\"             data-bwg=\"0\">                        <div class=\"bwg-item0 lazy_loader\">              <div class=\"bwg-item1 bwg-zoom-effect\">                <div class=\"bwg-item2\">                  <img class=\"skip-lazy \"                       data-width=\"1368\"                       data-height=\"912\"                       data-original=\"https:\/\/lacave-ebeniste.com\/wp-content\/uploads\/photo-gallery\/Plans_de_travail_chene_Anais\/thumb\/IMG-20220105-WA0015.jpg?bwg=1708643530\"                       src=\"https:\/\/lacave-ebeniste.com\/wp-content\/uploads\/photo-gallery\/Plans_de_travail_chene_Anais\/thumb\/IMG-20220105-WA0015.jpg?bwg=1708643530\"                       alt=\"Plans de travail en ch\u00eane \u00e0 bords bruts\" \/>                <\/div>                <div class=\"bwg-zoom-effect-overlay\">                  <div class=\"bwg-title1\"><div class=\"bwg-title2\">Plans de travail en ch\u00eane \u00e0 bords bruts<\/div><\/div>                <\/div>              <\/div>            <\/div>                      <\/a>        <\/div>                <div class=\"bwg-item\">          <a class=\"bwg-a bwg-album bwg_album_0\"             href='\/index.php\/wp-json\/wp\/v2\/pages\/44?type_0=gallery&#038;album_gallery_id_0=2'                          data-container_id=\"bwg_album_compact_0\"             data-def_type=\"gallery\"             data-album_gallery_id=\"1\"             data-alb_gal_id=\"2\"             data-title=\"Biblioth\u00e8que suspendue\"             data-bwg=\"0\">                        <div class=\"bwg-item0 lazy_loader\">              <div class=\"bwg-item1 bwg-zoom-effect\">                <div class=\"bwg-item2\">                  <img class=\"skip-lazy \"                       data-width=\"1267\"                       data-height=\"1900\"                       data-original=\"https:\/\/lacave-ebeniste.com\/wp-content\/uploads\/photo-gallery\/Bibliotheque_suspendue_en_Aulne_massif\/thumb\/P1000557.jpg?bwg=1600009746\"                       src=\"https:\/\/lacave-ebeniste.com\/wp-content\/uploads\/photo-gallery\/Bibliotheque_suspendue_en_Aulne_massif\/thumb\/P1000557.jpg?bwg=1600009746\"                       alt=\"Biblioth\u00e8que suspendue\" \/>                <\/div>                <div class=\"bwg-zoom-effect-overlay\">                  <div class=\"bwg-title1\"><div class=\"bwg-title2\">Biblioth\u00e8que suspendue<\/div><\/div>                <\/div>              <\/div>            <\/div>                      <\/a>        <\/div>                <div class=\"bwg-item\">          <a class=\"bwg-a bwg-album bwg_album_0\"             href='\/index.php\/wp-json\/wp\/v2\/pages\/44?type_0=gallery&#038;album_gallery_id_0=5'                          data-container_id=\"bwg_album_compact_0\"             data-def_type=\"gallery\"             data-album_gallery_id=\"1\"             data-alb_gal_id=\"5\"             data-title=\"Table-bar \u00e0 bords bruts\"             data-bwg=\"0\">                        <div class=\"bwg-item0 lazy_loader\">              <div class=\"bwg-item1 bwg-zoom-effect\">                <div class=\"bwg-item2\">                  <img class=\"skip-lazy \"                       data-width=\"1900\"                       data-height=\"1425\"                       data-original=\"https:\/\/lacave-ebeniste.com\/wp-content\/uploads\/photo-gallery\/Table-bar_bords_bruts_en_frene\/thumb\/IMG_0054.jpg?bwg=1600013967\"                       src=\"https:\/\/lacave-ebeniste.com\/wp-content\/uploads\/photo-gallery\/Table-bar_bords_bruts_en_frene\/thumb\/IMG_0054.jpg?bwg=1600013967\"                       alt=\"Table-bar \u00e0 bords bruts\" \/>                <\/div>                <div class=\"bwg-zoom-effect-overlay\">                  <div class=\"bwg-title1\"><div class=\"bwg-title2\">Table-bar \u00e0 bords bruts<\/div><\/div>                <\/div>              <\/div>            <\/div>                      <\/a>        <\/div>                <div class=\"bwg-item\">          <a class=\"bwg-a bwg-album bwg_album_0\"             href='\/index.php\/wp-json\/wp\/v2\/pages\/44?type_0=gallery&#038;album_gallery_id_0=6'                          data-container_id=\"bwg_album_compact_0\"             data-def_type=\"gallery\"             data-album_gallery_id=\"1\"             data-alb_gal_id=\"6\"             data-title=\"Etag\u00e8re murale aux bords bruts\"             data-bwg=\"0\">                        <div class=\"bwg-item0 lazy_loader\">              <div class=\"bwg-item1 bwg-zoom-effect\">                <div class=\"bwg-item2\">                  <img class=\"skip-lazy \"                       data-width=\"1900\"                       data-height=\"1268\"                       data-original=\"https:\/\/lacave-ebeniste.com\/wp-content\/uploads\/photo-gallery\/Etagere_live_edge_chene\/thumb\/DSC_0023.jpg?bwg=1600014364\"                       src=\"https:\/\/lacave-ebeniste.com\/wp-content\/uploads\/photo-gallery\/Etagere_live_edge_chene\/thumb\/DSC_0023.jpg?bwg=1600014364\"                       alt=\"Etag\u00e8re murale aux bords bruts\" \/>                <\/div>                <div class=\"bwg-zoom-effect-overlay\">                  <div class=\"bwg-title1\"><div class=\"bwg-title2\">Etag\u00e8re murale aux bords bruts<\/div><\/div>                <\/div>              <\/div>            <\/div>                      <\/a>        <\/div>            <\/div>          <input type=\"hidden\" id=\"bwg_album_breadcrumb_0\" name=\"bwg_album_breadcrumb_0\" value='[{\"id\":1,\"page\":1}]' \/>    <style>      \/*pagination styles*\/      #bwg_container1_0 #bwg_container2_0 .tablenav-pages_0 {      text-align: center;      font-size: 12px;      font-family: Ubuntu;      font-weight: bold;      color: #666666;      margin: 6px 0 4px;      display: block;      height: 30px;      line-height: 30px;      }      @media only screen and (max-width : 320px) {      #bwg_container1_0 #bwg_container2_0 .displaying-num_0 {      display: none;      }      }      #bwg_container1_0 #bwg_container2_0 .displaying-num_0 {      font-size: 12px;      font-family: Ubuntu;      font-weight: bold;      color: #666666;      margin-right: 10px;      vertical-align: middle;      }      #bwg_container1_0 #bwg_container2_0 .paging-input_0 {      font-size: 12px;      font-family: Ubuntu;      font-weight: bold;      color: #666666;      vertical-align: middle;      }      #bwg_container1_0 #bwg_container2_0 .tablenav-pages_0 a.disabled,      #bwg_container1_0 #bwg_container2_0 .tablenav-pages_0 a.disabled:hover,      #bwg_container1_0 #bwg_container2_0 .tablenav-pages_0 a.disabled:focus {      cursor: default;      color: rgba(102, 102, 102, 0.5);      }      #bwg_container1_0 #bwg_container2_0 .tablenav-pages_0 a {      cursor: pointer;      font-size: 12px;      font-family: Ubuntu;      font-weight: bold;      color: #666666;      text-decoration: none;      padding: 3px 6px;      margin: 0;      border-radius: 0;      border-style: solid;      border-width: 1px;      border-color: #E3E3E3;      background-color: #FFFFFF;      opacity: 1.00;      box-shadow: 0;      transition: all 0.3s ease 0s;-webkit-transition: all 0.3s ease 0s;      }      <\/style>      <span class=\"bwg_nav_cont_0\">          <div class=\"tablenav-pages_0\">          <\/div>          <input type=\"hidden\" id=\"page_number_0\" name=\"page_number_0\" value=\"1\" \/>    <script type=\"text\/javascript\">      function spider_page_0(cur, x, y, load_more) {        if (typeof load_more == \"undefined\") {          var load_more = false;        }        if (jQuery(cur).hasClass('disabled')) {          return false;        }        var items_county_0 = 1;        switch (y) {          case 1:            if (x >= items_county_0) {              document.getElementById('page_number_0').value = items_county_0;            }            else {              document.getElementById('page_number_0').value = x + 1;            }            break;          case 2:            document.getElementById('page_number_0').value = items_county_0;            break;          case -1:            if (x == 1) {              document.getElementById('page_number_0').value = 1;            }            else {              document.getElementById('page_number_0').value = x - 1;            }            break;          case -2:            document.getElementById('page_number_0').value = 1;            break;          default:            document.getElementById('page_number_0').value = 1;        }        bwg_ajax('gal_front_form_0', '0', 'bwg_album_compact_0', '1', '', 'album', 0, '', '', load_more, '', 1);      }            jQuery('.bwg_load_btn_0').on('click', function () {          spider_page_0(this, 1, 1, true);          return false;      });    <\/script>    <\/span>                <\/div>        <\/form>          <style>          #bwg_container1_0 #bwg_container2_0 #spider_popup_overlay_0 {          background-color: #EEEEEE;          opacity: 0.60;          }          <\/style>        <div id=\"bwg_spider_popup_loading_0\" class=\"bwg_spider_popup_loading\"><\/div>        <div id=\"spider_popup_overlay_0\" class=\"spider_popup_overlay\" onclick=\"spider_destroypopup(1000)\"><\/div>        <input type=\"hidden\" id=\"bwg_random_seed_0\" value=\"\">                <\/div>    <\/div>    <script>      jQuery(function() {        bwg_main_ready();      });    <\/script>    \n<\/div><\/div>\n","protected":false},"excerpt":{"rendered":"","protected":false},"author":1,"featured_media":0,"parent":0,"menu_order":0,"comment_status":"closed","ping_status":"closed","template":"","meta":[],"_links":{"self":[{"href":"https:\/\/lacave-ebeniste.com\/index.php\/wp-json\/wp\/v2\/pages\/44"}],"collection":[{"href":"https:\/\/lacave-ebeniste.com\/index.php\/wp-json\/wp\/v2\/pages"}],"about":[{"href":"https:\/\/lacave-ebeniste.com\/index.php\/wp-json\/wp\/v2\/types\/page"}],"author":[{"embeddable":true,"href":"https:\/\/lacave-ebeniste.com\/index.php\/wp-json\/wp\/v2\/users\/1"}],"replies":[{"embeddable":true,"href":"https:\/\/lacave-ebeniste.com\/index.php\/wp-json\/wp\/v2\/comments?post=44"}],"version-history":[{"count":15,"href":"https:\/\/lacave-ebeniste.com\/index.php\/wp-json\/wp\/v2\/pages\/44\/revisions"}],"predecessor-version":[{"id":410,"href":"https:\/\/lacave-ebeniste.com\/index.php\/wp-json\/wp\/v2\/pages\/44\/revisions\/410"}],"wp:attachment":[{"href":"https:\/\/lacave-ebeniste.com\/index.php\/wp-json\/wp\/v2\/media?parent=44"}],"curies":[{"name":"wp","href":"https:\/\/api.w.org\/{rel}","templated":true}]}}